{"id":10832,"date":"2023-10-11T02:04:43","date_gmt":"2023-10-11T02:04:43","guid":{"rendered":"https:\/\/printspace.harutheme.com\/art\/?page_id=10832"},"modified":"2024-03-11T08:27:36","modified_gmt":"2024-03-11T08:27:36","slug":"faqs","status":"publish","type":"page","link":"https:\/\/printiii.com\/de\/faqs\/","title":{"rendered":"FAQs"},"content":{"rendered":"<div data-elementor-type=\"wp-page\" data-elementor-id=\"10832\" class=\"elementor elementor-10832\">\n\t\t\t\t<div class=\"elementor-element elementor-element-b72d29c e-flex e-con-boxed e-con e-parent\" data-id=\"b72d29c\" data-element_type=\"container\" data-core-v316-plus=\"true\">\n\t\t\t\t\t<div class=\"e-con-inner\">\n\t\t<div class=\"elementor-element elementor-element-8c47607 e-con-full e-flex e-con e-child\" data-id=\"8c47607\" data-element_type=\"container\">\n\t\t\t\t<div class=\"elementor-element elementor-element-d52877d elementor-widget elementor-widget-haru-heading\" data-id=\"d52877d\" data-element_type=\"widget\" data-widget_type=\"haru-heading.default\">\n\t\t\t\t<div class=\"elementor-widget-container\">\n\t\t\t<h2 class=\"haru-heading-title haru-heading-title--heading-5\">H\u00e4ufig gestellte Fragen<\/h2>\t\t<\/div>\n\t\t\t\t<\/div>\n\t\t\t\t<\/div>\n\t\t\t\t\t<\/div>\n\t\t\t\t<\/div>\n\t\t<div class=\"elementor-element elementor-element-db019a4 e-flex e-con-boxed e-con e-parent\" data-id=\"db019a4\" data-element_type=\"container\" data-core-v316-plus=\"true\">\n\t\t\t\t\t<div class=\"e-con-inner\">\n\t\t<div class=\"elementor-element elementor-element-2854ff2 e-con-full e-flex e-con e-child\" data-id=\"2854ff2\" data-element_type=\"container\">\n\t\t<div class=\"elementor-element elementor-element-90253ec e-con-full e-flex e-con e-child\" data-id=\"90253ec\" data-element_type=\"container\">\n\t\t\t\t<div class=\"elementor-element elementor-element-9fa08e4 elementor-widget elementor-widget-haru-banner\" data-id=\"9fa08e4\" data-element_type=\"widget\" data-widget_type=\"haru-banner.default\">\n\t\t\t\t<div class=\"elementor-widget-container\">\n\t\t\t\n                            <div class=\"haru-banner haru-banner--style-0 haru-banner--hover-scale\">\n                    \n\t\t\t<a class=\"\" href=\"https:\/\/printspace.harutheme.com\/art\/shop\/\" target=\"_blank\" rel=\"noopener\">\n\t\t\t\t<div class=\"haru-banner__image\">\n\t\t\t\t<img decoding=\"async\" src=\"https:\/\/printspace.harutheme.com\/art\/wp-content\/uploads\/2023\/10\/banner-4-faqs-1.jpg\" alt=\"Printiii\">\n\t\t\t<\/div>\n\t\t\t<\/a>\n\t\n\n\n\n\n\n\n\n\n\n\n\n\n\n\n\n                <\/div>\n            \n            \t\t<\/div>\n\t\t\t\t<\/div>\n\t\t\t\t<div class=\"elementor-element elementor-element-0f334c0 elementor-widget elementor-widget-haru-banner\" data-id=\"0f334c0\" data-element_type=\"widget\" data-widget_type=\"haru-banner.default\">\n\t\t\t\t<div class=\"elementor-widget-container\">\n\t\t\t\n                            <div class=\"haru-banner haru-banner--style-0 haru-banner--hover-scale\">\n                    \n\t\t\t<a class=\"\" href=\"https:\/\/printspace.harutheme.com\/art\/shop\/\" target=\"_blank\" rel=\"noopener\">\n\t\t\t\t<div class=\"haru-banner__image\">\n\t\t\t\t<img decoding=\"async\" src=\"https:\/\/printspace.harutheme.com\/art\/wp-content\/uploads\/2023\/10\/banner-4-faqs-2.jpg\" alt=\"Printiii\">\n\t\t\t<\/div>\n\t\t\t<\/a>\n\t\n\n\n\n\n\n\n\n\n\n\n\n\n\n\n\n                <\/div>\n            \n            \t\t<\/div>\n\t\t\t\t<\/div>\n\t\t\t\t<\/div>\n\t\t\t\t<\/div>\n\t\t<div class=\"elementor-element elementor-element-a7bd0a6 e-con-full e-flex e-con e-child\" data-id=\"a7bd0a6\" data-element_type=\"container\">\n\t\t\t\t<div class=\"elementor-element elementor-element-b795883 elementor-widget elementor-widget-haru-accordion\" data-id=\"b795883\" data-element_type=\"widget\" data-widget_type=\"haru-accordion.default\">\n\t\t\t\t<div class=\"elementor-widget-container\">\n\t\t\t\n                          <!--   <div class=\"haru-accordion haru-accordion--style-6\" role=\"tablist\">\n                                    <\/div> -->\n                <div class=\"haru-accordion haru-accordion--style-6\" role=\"tablist\">\n                    \n                                            <div class=\"haru-accordion-item\">\n                            <div id=\"haru-tab-title-1921\" class=\"haru-tab-title\" data-tab=\"1\" role=\"tab\" aria-controls=\"haru-tab-content-1921\">\n                                                                    <span class=\"haru-accordion-icon haru-accordion-icon-right\" aria-hidden=\"true\">\n                                                                            <span class=\"haru-accordion-icon-closed\"><i class=\"phosphor phosphor-caret-down\"><\/i><\/span>\n                                        <span class=\"haru-accordion-icon-opened\"><i class=\"phosphor phosphor-caret-up\"><\/i><\/span>\n                                                                        <\/span>\n                                                                <a class=\"haru-accordion-title\" href=\"\">Wie lange dauert das Erstellen meines Kunstwerkes?<\/a>\n                            <\/div>\n                            <div id=\"haru-tab-content-1921\" class=\"haru-tab-content haru-clearfix\" data-tab=\"1\" aria-labelledby=\"haru-tab-title-1921\"><p>Jede Bestellung wird individuell von uns angefertigt. Wir illustrieren dein Bild detailgetreu. Die Anfertigungszeit einer Fotobearbeitung betr\u00e4gt in der Regel ein Werktag und eine Illustration betr\u00e4gt bis zu 3 Werktage wenn es ein aufwendiges Bild ist. Bei einem gro\u00dfen Bestellvolumen, kann sich die Anfertigungszeit verl\u00e4ngern.<\/p><\/div>\n                        <\/div>\n                                            <div class=\"haru-accordion-item active\">\n                            <div id=\"haru-tab-title-1922\" class=\"haru-tab-title active\" data-tab=\"2\" role=\"tab\" aria-controls=\"haru-tab-content-1922\">\n                                                                    <span class=\"haru-accordion-icon haru-accordion-icon-right\" aria-hidden=\"true\">\n                                                                            <span class=\"haru-accordion-icon-closed\"><i class=\"phosphor phosphor-caret-down\"><\/i><\/span>\n                                        <span class=\"haru-accordion-icon-opened\"><i class=\"phosphor phosphor-caret-up\"><\/i><\/span>\n                                                                        <\/span>\n                                                                <a class=\"haru-accordion-title\" href=\"\">Kann ich meine Bestellung \u00e4ndern?<\/a>\n                            <\/div>\n                            <div id=\"haru-tab-content-1922\" class=\"haru-tab-content haru-clearfix active\" data-tab=\"2\" aria-labelledby=\"haru-tab-title-1922\"><p>Du kannst deine Bestellung so lange \u00e4ndern bis du die Best\u00e4tigungsmail erh\u00e4ltst. Danach k\u00f6nnen wir dir nicht mehr garantieren, dass wir \u00c4nderungen vornehmen k\u00f6nnen.<\/p><\/div>\n                        <\/div>\n                                            <div class=\"haru-accordion-item\">\n                            <div id=\"haru-tab-title-1923\" class=\"haru-tab-title\" data-tab=\"3\" role=\"tab\" aria-controls=\"haru-tab-content-1923\">\n                                                                    <span class=\"haru-accordion-icon haru-accordion-icon-right\" aria-hidden=\"true\">\n                                                                            <span class=\"haru-accordion-icon-closed\"><i class=\"phosphor phosphor-caret-down\"><\/i><\/span>\n                                        <span class=\"haru-accordion-icon-opened\"><i class=\"phosphor phosphor-caret-up\"><\/i><\/span>\n                                                                        <\/span>\n                                                                <a class=\"haru-accordion-title\" href=\"\">Kann ich die Druckvorlage sehen, bevor es gedruckt wird?<\/a>\n                            <\/div>\n                            <div id=\"haru-tab-content-1923\" class=\"haru-tab-content haru-clearfix\" data-tab=\"3\" aria-labelledby=\"haru-tab-title-1923\"><p>Wenn du eine Illustration bestellt hast, schicken wir dir eine Vorschau, die wir als Druckvorlage verwenden. Bei allen anderen Produkten bekommst du dein Kunstwerk sofort (ohne Vorschau) zugeschickt. Kontaktiere unsere Support mit deiner Bestellnummer, wenn du eine Vorschau w\u00fcnscht.<\/p><\/div>\n                        <\/div>\n                                            <div class=\"haru-accordion-item\">\n                            <div id=\"haru-tab-title-1924\" class=\"haru-tab-title\" data-tab=\"4\" role=\"tab\" aria-controls=\"haru-tab-content-1924\">\n                                                                    <span class=\"haru-accordion-icon haru-accordion-icon-right\" aria-hidden=\"true\">\n                                                                            <span class=\"haru-accordion-icon-closed\"><i class=\"phosphor phosphor-caret-down\"><\/i><\/span>\n                                        <span class=\"haru-accordion-icon-opened\"><i class=\"phosphor phosphor-caret-up\"><\/i><\/span>\n                                                                        <\/span>\n                                                                <a class=\"haru-accordion-title\" href=\"\">Wie werden die Designs erstellt?<\/a>\n                            <\/div>\n                            <div id=\"haru-tab-content-1924\" class=\"haru-tab-content haru-clearfix\" data-tab=\"4\" aria-labelledby=\"haru-tab-title-1924\"><p>Dein Kunstwerk wird individuell von unseren K\u00fcnstlern digital bearbeitet oder nachgezeichnet, sodass es hochaufl\u00f6send gedruckt werden kann. Deswegen sollten die Bilder den Anforderungen aus unserem Foto-Guide entsprechen, sodass wir es originalgetreu zeichnen und jedes Detail einfangen k\u00f6nnen.<\/p><\/div>\n                        <\/div>\n                                            <div class=\"haru-accordion-item\">\n                            <div id=\"haru-tab-title-1925\" class=\"haru-tab-title\" data-tab=\"5\" role=\"tab\" aria-controls=\"haru-tab-content-1925\">\n                                                                    <span class=\"haru-accordion-icon haru-accordion-icon-right\" aria-hidden=\"true\">\n                                                                            <span class=\"haru-accordion-icon-closed\"><i class=\"phosphor phosphor-caret-down\"><\/i><\/span>\n                                        <span class=\"haru-accordion-icon-opened\"><i class=\"phosphor phosphor-caret-up\"><\/i><\/span>\n                                                                        <\/span>\n                                                                <a class=\"haru-accordion-title\" href=\"\">Wohin liefert Ihr und wie lange dauert der Versand?<\/a>\n                            <\/div>\n                            <div id=\"haru-tab-content-1925\" class=\"haru-tab-content haru-clearfix\" data-tab=\"5\" aria-labelledby=\"haru-tab-title-1925\"><p>Dies beschreiben wir ausf\u00fchrlich in den Versandbedingungen, die du in der Fu\u00dfzeile dieser Seite findest.<\/p><\/div>\n                        <\/div>\n                                            <div class=\"haru-accordion-item\">\n                            <div id=\"haru-tab-title-1926\" class=\"haru-tab-title\" data-tab=\"6\" role=\"tab\" aria-controls=\"haru-tab-content-1926\">\n                                                                    <span class=\"haru-accordion-icon haru-accordion-icon-right\" aria-hidden=\"true\">\n                                                                            <span class=\"haru-accordion-icon-closed\"><i class=\"phosphor phosphor-caret-down\"><\/i><\/span>\n                                        <span class=\"haru-accordion-icon-opened\"><i class=\"phosphor phosphor-caret-up\"><\/i><\/span>\n                                                                        <\/span>\n                                                                <a class=\"haru-accordion-title\" href=\"\">Kann ich die Bestellung zur\u00fccksenden oder umtauschen?<\/a>\n                            <\/div>\n                            <div id=\"haru-tab-content-1926\" class=\"haru-tab-content haru-clearfix\" data-tab=\"6\" aria-labelledby=\"haru-tab-title-1926\"><p>Du kannst deine Bestellung stornieren, solang du noch keine Best\u00e4tigungsmail erhalten hast, dass dein digitales Kunstwerk erstellt wird. Bis zu diesem Zeitpunkt erstatten wir dir den vollen Preis. Eine Stornierung nach der Best\u00e4tigungsmail ist leider nicht mehr m\u00f6glich. Da es sich um eine Individualanfertigung handelt ist ein Umtausch oder eine R\u00fcckgabe ebenfalls ausgeschlossen. Solltest du mit deinem gelieferten Kunstwerk unzufrieden sein, dann wende dich bitte mit deiner Bestellnummer an unseren Support. Da wir nur zufrieden sind, wenn du zufrieden bist, werden wir nach einer gemeinsamen L\u00f6sung suchen. Weitere Informationen findest Du im Widerrufsrecht.<\/p><\/div>\n                        <\/div>\n                                            <div class=\"haru-accordion-item\">\n                            <div id=\"haru-tab-title-1927\" class=\"haru-tab-title\" data-tab=\"7\" role=\"tab\" aria-controls=\"haru-tab-content-1927\">\n                                                                    <span class=\"haru-accordion-icon haru-accordion-icon-right\" aria-hidden=\"true\">\n                                                                            <span class=\"haru-accordion-icon-closed\"><i class=\"phosphor phosphor-caret-down\"><\/i><\/span>\n                                        <span class=\"haru-accordion-icon-opened\"><i class=\"phosphor phosphor-caret-up\"><\/i><\/span>\n                                                                        <\/span>\n                                                                <a class=\"haru-accordion-title\" href=\"\">Noch Fragen?<\/a>\n                            <\/div>\n                            <div id=\"haru-tab-content-1927\" class=\"haru-tab-content haru-clearfix\" data-tab=\"7\" aria-labelledby=\"haru-tab-title-1927\"><p>Unten Rechts findest du ein Live Chat Icon. Schreib uns eine Nachricht und wir helfen dir so schnell wie m\u00f6glich.<\/p><\/div>\n                        <\/div>\n                    \n                    \n                    \n                                    <\/div>\n                \n            \n            \t\t<\/div>\n\t\t\t\t<\/div>\n\t\t\t\t<\/div>\n\t\t\t\t\t<\/div>\n\t\t\t\t<\/div>\n\t\t\t\t<\/div>","protected":false},"excerpt":{"rendered":"<p>Frequently asked questions How long does it take to create my artwork? Each order is individually made by us. We illustrate your picture in detail. The production time for photo editing is usually one working day, and an illustration can take up to 3 working days if it is a complex image. For a large [&hellip;]<\/p>","protected":false},"author":1,"featured_media":0,"parent":0,"menu_order":0,"comment_status":"closed","ping_status":"closed","template":"","meta":{"footnotes":""},"class_list":["post-10832","page","type-page","status-publish","hentry"],"_links":{"self":[{"href":"https:\/\/printiii.com\/de\/wp-json\/wp\/v2\/pages\/10832","targetHints":{"allow":["GET"]}}],"collection":[{"href":"https:\/\/printiii.com\/de\/wp-json\/wp\/v2\/pages"}],"about":[{"href":"https:\/\/printiii.com\/de\/wp-json\/wp\/v2\/types\/page"}],"author":[{"embeddable":true,"href":"https:\/\/printiii.com\/de\/wp-json\/wp\/v2\/users\/1"}],"replies":[{"embeddable":true,"href":"https:\/\/printiii.com\/de\/wp-json\/wp\/v2\/comments?post=10832"}],"version-history":[{"count":7,"href":"https:\/\/printiii.com\/de\/wp-json\/wp\/v2\/pages\/10832\/revisions"}],"predecessor-version":[{"id":12961,"href":"https:\/\/printiii.com\/de\/wp-json\/wp\/v2\/pages\/10832\/revisions\/12961"}],"wp:attachment":[{"href":"https:\/\/printiii.com\/de\/wp-json\/wp\/v2\/media?parent=10832"}],"curies":[{"name":"wp","href":"https:\/\/api.w.org\/{rel}","templated":true}]}}