{"id":12971,"date":"2024-03-07T17:45:18","date_gmt":"2024-03-07T17:45:18","guid":{"rendered":"https:\/\/printiii.com\/?page_id=12971"},"modified":"2024-03-11T08:28:59","modified_gmt":"2024-03-11T08:28:59","slug":"terms","status":"publish","type":"page","link":"https:\/\/printiii.com\/de\/terms\/","title":{"rendered":"Allgemeine Gesch\u00e4ftsbedingungen"},"content":{"rendered":"<h1 class=\"wp-block-heading\">Allgemeine Gesch\u00e4ftsbedingungen<\/h1>\n\n\n\n<h2 class=\"wp-block-heading\">1. Scope <\/h2>\n\n\n\n<p>F\u00fcr alle Bestellungen \u00fcber unseren Online-Shop gelten die nachfolgenden AGB. Unser Online-Shop richtet sich ausschlie\u00dflich an Verbraucher.<\/p>\n\n\n\n<p>Verbraucher ist jede nat\u00fcrliche Person, die ein Rechtsgesch\u00e4ft zu Zwecken abschlie\u00dft, die \u00fcberwiegend weder ihrer gewerblichen noch ihrer selbst\u00e4ndigen beruflichen T\u00e4tigkeit zugerechnet werden k\u00f6nnen. Unternehmer ist eine nat\u00fcrliche oder juristische Person oder eine rechtsf\u00e4hige Personengesellschaft, die bei Abschluss eines Rechtsgesch\u00e4fts in Aus\u00fcbung ihrer gewerblichen oder selbst\u00e4ndigen beruflichen T\u00e4tigkeit handelt.<\/p>\n\n\n\n<h2 class=\"wp-block-heading\">2. Vertragspartner, Vertragsschluss, Korrekturm\u00f6glichkeiten <\/h2>\n\n\n\n<p>Der Kaufvertrag kommt zustande mit ADPRIME MARKETING SOLUTIONS LTD.<\/p>\n\n\n\n<p>Mit Einstellung der Produkte in den Online-Shop geben wir ein verbindliches Angebot zum Vertragsschluss \u00fcber diese Artikel ab. Sie k\u00f6nnen unsere Produkte zun\u00e4chst unverbindlich in den Warenkorb legen und Ihre Eingaben vor Absenden Ihrer verbindlichen Bestellung jederzeit korrigieren, indem Sie die hierf\u00fcr im Bestellablauf vorgesehenen und erl\u00e4uterten Korrekturhilfen nutzen. Der Vertrag kommt zustande, indem Sie durch Anklicken des Bestellbuttons das Angebot \u00fcber die im Warenkorb enthaltenen Waren annehmen. Unmittelbar nach dem Absenden der Bestellung erhalten Sie noch einmal eine Best\u00e4tigung per E-Mail.<\/p>\n\n\n\n<h2 class=\"wp-block-heading\">3. Vertragssprache, Vertragstextspeicherung <\/h2>\n\n\n\n<p>Die f\u00fcr den Vertragsschluss zur Verf\u00fcgung stehende(n) Sprache(n): Deutsch, Englisch<\/p>\n\n\n\n<p>Wir speichern den Vertragstext und senden Ihnen die Bestelldaten und unsere AGB in Textform zu. Der Vertragstext ist aus Sicherheitsgr\u00fcnden nicht mehr \u00fcber das Internet zug\u00e4nglich.<\/p>\n\n\n\n<h2 class=\"wp-block-heading\">4. Lieferbedingungen <\/h2>\n\n\n\n<p>Zuz\u00fcglich zu den angegebenen Produktpreisen k\u00f6nnen noch Versandkosten anfallen. N\u00e4here Bestimmungen zu ggf. anfallenden Versandkosten erfahren Sie bei den Angeboten.<\/p>\n\n\n\n<p>Wir liefern nur im Versandweg. Eine Selbstabholung der Ware ist leider nicht m\u00f6glich.<\/p>\n\n\n\n<h2 class=\"wp-block-heading\">5. Bezahlung <\/h2>\n\n\n\n<p>In unserem Shop stehen Ihnen grunds\u00e4tzlich die folgenden Zahlungsarten zur Verf\u00fcgung:<\/p>\n\n\n\n<p><strong>Kreditkarte<\/strong> <br>Mit Abgabe der Bestellung geben Sie Ihre Kreditkartendaten an. Nach Ihrer Legitimation als rechtm\u00e4\u00dfiger Karteninhaber wird die Zahlungstransaktion automatisch durchgef\u00fchrt und Ihre Karte belastet.<\/p>\n\n\n\n<p><strong>PayPal <\/strong><br>Im Bestellprozess werden Sie auf die Webseite des Online-Anbieters PayPal weitergeleitet. Um den Rechnungsbetrag \u00fcber PayPal bezahlen zu k\u00f6nnen, m\u00fcssen Sie dort registriert sein bzw. sich erst registrieren, mit Ihren Zugangsdaten legitimieren und die Zahlungsanweisung an uns best\u00e4tigen. Nach Abgabe der Bestellung im Shop fordern wir PayPal zur Einleitung der Zahlungstransaktion auf. Die Zahlungstransaktion wird durch PayPal unmittelbar danach automatisch durchgef\u00fchrt. Weitere Hinweise erhalten Sie beim Bestellvorgang.<\/p>\n\n\n\n<p><strong>Apple Pay<\/strong> <br>Um den Rechnungsbetrag \u00fcber Apple Pay bezahlen zu k\u00f6nnen, m\u00fcssen Sie den Browser \u201eSafari\u201c nutzen, bei dem Diensteanbieter Apple registriert sein, die Funktion Apple Pay aktiviert haben, sich mit Ihren Zugangsdaten legitimieren und die Zahlungsanweisung best\u00e4tigen. Die Zahlungstransaktion wird unmittelbar nach Abgabe der Bestellung durchgef\u00fchrt. Weitere Hinweise erhalten Sie beim Bestellvorgang.<\/p>\n\n\n\n<h2 class=\"wp-block-heading\">6. Eigentumsvorbehalt <\/h2>\n\n\n\n<p>Die Ware bleibt bis zur vollst\u00e4ndigen Bezahlung unser Eigentum.<\/p>\n\n\n\n<h2 class=\"wp-block-heading\">7. Transportsch\u00e4den <\/h2>\n\n\n\n<p>Werden Waren mit offensichtlichen Transportsch\u00e4den angeliefert, so reklamieren Sie solche Fehler bitte m\u00f6glichst sofort beim Zusteller und nehmen Sie bitte unverz\u00fcglich Kontakt zu uns auf. Die Vers\u00e4umung einer Reklamation oder Kontaktaufnahme hat f\u00fcr Ihre gesetzlichen Anspr\u00fcche und deren Durchsetzung, insbesondere Ihre Gew\u00e4hrleistungsrechte, keinerlei Konsequenzen. Sie helfen uns aber, unsere eigenen Anspr\u00fcche gegen\u00fcber dem Frachtf\u00fchrer bzw. der Transportversicherung geltend machen zu k\u00f6nnen.<\/p>\n\n\n\n<h2 class=\"wp-block-heading\">8. Gew\u00e4hrleistung und Garantien <\/h2>\n\n\n\n<p>Es gilt das gesetzliche M\u00e4ngelhaftungsrecht. Informationen zu gegebenenfalls geltenden zus\u00e4tzlichen Garantien und deren genaue Bedingungen finden Sie jeweils beim Produkt und auf besonderen Informationsseiten im Online-Shop.<\/p>\n\n\n\n<p><strong>9. Streitbeilegung<\/strong><\/p>\n\n\n\n<p>Die Europ\u00e4ische Kommission stellt eine Plattform zur Online-Streitbeilegung (OS) bereit, die Sie hier finden. Zur Teilnahme an einem Streitbeilegungsverfahren vor einer Verbraucherschlichtungsstelle sind wir nicht verpflichtet und nicht bereit.<\/p>","protected":false},"excerpt":{"rendered":"<p>Terms and Conditions 1. Scope The following terms and conditions apply to all orders placed through our online shop. Our online shop is exclusively for consumers. A consumer is any natural person who enters into a legal transaction for purposes that can predominantly be attributed neither to their commercial nor their independent professional activity. An [&hellip;]<\/p>","protected":false},"author":1,"featured_media":0,"parent":0,"menu_order":0,"comment_status":"closed","ping_status":"closed","template":"","meta":{"footnotes":""},"class_list":["post-12971","page","type-page","status-publish","hentry"],"_links":{"self":[{"href":"https:\/\/printiii.com\/de\/wp-json\/wp\/v2\/pages\/12971","targetHints":{"allow":["GET"]}}],"collection":[{"href":"https:\/\/printiii.com\/de\/wp-json\/wp\/v2\/pages"}],"about":[{"href":"https:\/\/printiii.com\/de\/wp-json\/wp\/v2\/types\/page"}],"author":[{"embeddable":true,"href":"https:\/\/printiii.com\/de\/wp-json\/wp\/v2\/users\/1"}],"replies":[{"embeddable":true,"href":"https:\/\/printiii.com\/de\/wp-json\/wp\/v2\/comments?post=12971"}],"version-history":[{"count":3,"href":"https:\/\/printiii.com\/de\/wp-json\/wp\/v2\/pages\/12971\/revisions"}],"predecessor-version":[{"id":12975,"href":"https:\/\/printiii.com\/de\/wp-json\/wp\/v2\/pages\/12971\/revisions\/12975"}],"wp:attachment":[{"href":"https:\/\/printiii.com\/de\/wp-json\/wp\/v2\/media?parent=12971"}],"curies":[{"name":"wp","href":"https:\/\/api.w.org\/{rel}","templated":true}]}}