{"id":12986,"date":"2024-03-07T18:16:52","date_gmt":"2024-03-07T18:16:52","guid":{"rendered":"https:\/\/printiii.com\/?page_id=12986"},"modified":"2024-03-07T18:16:52","modified_gmt":"2024-03-07T18:16:52","slug":"advertise-with-us","status":"publish","type":"page","link":"https:\/\/printiii.com\/de\/advertise-with-us\/","title":{"rendered":"Mit uns werben"},"content":{"rendered":"<h2 class=\"wp-block-heading\">Mit uns werben<\/h2>\n\n\n\n<p>Verschaffen Sie Ihrer Marke eine unvergleichliche Sichtbarkeit, indem Sie mit uns werben. Unter <strong>ADPRIME MARKETING SOLUTIONS LTD<\/strong>bieten wir eine dynamische Palette von Werbem\u00f6glichkeiten, die Ihre Botschaft verst\u00e4rken und Sie mit unserem engagierten Publikum verbinden. Ganz gleich, ob Sie ein neues Produkt auf den Markt bringen, den Bekanntheitsgrad Ihrer Marke steigern oder gezielten Traffic auf Ihre Website lenken m\u00f6chten - unsere ma\u00dfgeschneiderten Werbel\u00f6sungen k\u00f6nnen Ihnen helfen, Ihre Marketingziele zu erreichen. Profitieren Sie von unserer starken Online-Pr\u00e4senz und lassen Sie sich von uns eine ma\u00dfgeschneiderte Werbestrategie erstellen, die auf die individuellen Bed\u00fcrfnisse Ihrer Marke abgestimmt ist. Kontaktieren Sie uns unter <a href=\"mailto:info@adprime.ltd\">info@adprime.ltd<\/a> oder rufen Sie uns an unter <strong>+35799043425<\/strong> um zu erfahren, wie wir zusammenarbeiten k\u00f6nnen, um Ihre Marke voranzubringen.<\/p>","protected":false},"excerpt":{"rendered":"<p>Advertise with Us Unlock unparalleled visibility for your brand by advertising with us. At ADPRIME MARKETING SOLUTIONS LTD, we offer a dynamic range of advertising opportunities designed to amplify your message and connect you with our engaged audience. Whether you&#8217;re looking to launch a new product, increase brand awareness, or drive targeted traffic to your [&hellip;]<\/p>","protected":false},"author":1,"featured_media":0,"parent":0,"menu_order":0,"comment_status":"closed","ping_status":"closed","template":"","meta":{"footnotes":""},"class_list":["post-12986","page","type-page","status-publish","hentry"],"_links":{"self":[{"href":"https:\/\/printiii.com\/de\/wp-json\/wp\/v2\/pages\/12986","targetHints":{"allow":["GET"]}}],"collection":[{"href":"https:\/\/printiii.com\/de\/wp-json\/wp\/v2\/pages"}],"about":[{"href":"https:\/\/printiii.com\/de\/wp-json\/wp\/v2\/types\/page"}],"author":[{"embeddable":true,"href":"https:\/\/printiii.com\/de\/wp-json\/wp\/v2\/users\/1"}],"replies":[{"embeddable":true,"href":"https:\/\/printiii.com\/de\/wp-json\/wp\/v2\/comments?post=12986"}],"version-history":[{"count":1,"href":"https:\/\/printiii.com\/de\/wp-json\/wp\/v2\/pages\/12986\/revisions"}],"predecessor-version":[{"id":12987,"href":"https:\/\/printiii.com\/de\/wp-json\/wp\/v2\/pages\/12986\/revisions\/12987"}],"wp:attachment":[{"href":"https:\/\/printiii.com\/de\/wp-json\/wp\/v2\/media?parent=12986"}],"curies":[{"name":"wp","href":"https:\/\/api.w.org\/{rel}","templated":true}]}}