{"id":12988,"date":"2024-03-07T18:18:31","date_gmt":"2024-03-07T18:18:31","guid":{"rendered":"https:\/\/printiii.com\/?page_id=12988"},"modified":"2024-03-07T18:18:31","modified_gmt":"2024-03-07T18:18:31","slug":"become-a-partner","status":"publish","type":"page","link":"https:\/\/printiii.com\/de\/become-a-partner\/","title":{"rendered":"Partner werden"},"content":{"rendered":"<h1 class=\"wp-block-heading\">Partner werden<\/h1>\n\n\n\n<p>Begleiten Sie uns auf unserer Reise bei <strong>ADPRIME MARKETING SOLUTIONS LTD<\/strong> und erschlie\u00dfen Sie sich eine Welt voller M\u00f6glichkeiten, indem Sie unser Partner werden. Unser Partnerschaftsprogramm wurde entwickelt, um das gegenseitige Wachstum zu f\u00f6rdern und es Unternehmen jeder Gr\u00f6\u00dfe zu erm\u00f6glichen, ihre Reichweite zu erweitern, ihr Angebot zu verbessern und unvergleichlichen Erfolg zu erzielen. Unabh\u00e4ngig davon, ob Sie Hersteller, Lieferant oder Dienstleister sind, bieten wir verschiedene Partnerschaftsmodelle an, die auf Ihre Gesch\u00e4ftsziele zugeschnitten sind. Als Partner erhalten Sie Zugang zu unserem umfangreichen Netzwerk, innovativen Tools und engagiertem Support, um eine partnerschaftliche und lohnende Zusammenarbeit zu gew\u00e4hrleisten. Lassen Sie uns gemeinsam wachsen und eine nachhaltige Wirkung auf dem Markt erzielen. Setzen Sie sich mit uns in Verbindung unter <a href=\"mailto:info@adprime.ltd\">info@adprime.ltd<\/a> oder rufen Sie uns an unter <strong>+35799043425<\/strong> um mehr \u00fcber unser Partnerschaftsprogramm zu erfahren und zu sehen, wie wir gemeinsam Gro\u00dfes erreichen k\u00f6nnen.<\/p>","protected":false},"excerpt":{"rendered":"<p>Become a Partner Join our journey at ADPRIME MARKETING SOLUTIONS LTD and unlock a world of opportunities by becoming a partner. Our partnership program is designed to foster mutual growth, enabling businesses of all sizes to expand their reach, enhance their offerings, and achieve unparalleled success. Whether you&#8217;re a manufacturer, supplier, or service provider, we [&hellip;]<\/p>","protected":false},"author":1,"featured_media":0,"parent":0,"menu_order":0,"comment_status":"closed","ping_status":"closed","template":"","meta":{"footnotes":""},"class_list":["post-12988","page","type-page","status-publish","hentry"],"_links":{"self":[{"href":"https:\/\/printiii.com\/de\/wp-json\/wp\/v2\/pages\/12988","targetHints":{"allow":["GET"]}}],"collection":[{"href":"https:\/\/printiii.com\/de\/wp-json\/wp\/v2\/pages"}],"about":[{"href":"https:\/\/printiii.com\/de\/wp-json\/wp\/v2\/types\/page"}],"author":[{"embeddable":true,"href":"https:\/\/printiii.com\/de\/wp-json\/wp\/v2\/users\/1"}],"replies":[{"embeddable":true,"href":"https:\/\/printiii.com\/de\/wp-json\/wp\/v2\/comments?post=12988"}],"version-history":[{"count":1,"href":"https:\/\/printiii.com\/de\/wp-json\/wp\/v2\/pages\/12988\/revisions"}],"predecessor-version":[{"id":12989,"href":"https:\/\/printiii.com\/de\/wp-json\/wp\/v2\/pages\/12988\/revisions\/12989"}],"wp:attachment":[{"href":"https:\/\/printiii.com\/de\/wp-json\/wp\/v2\/media?parent=12988"}],"curies":[{"name":"wp","href":"https:\/\/api.w.org\/{rel}","templated":true}]}}