{"id":12990,"date":"2024-03-07T18:20:52","date_gmt":"2024-03-07T18:20:52","guid":{"rendered":"https:\/\/printiii.com\/?page_id=12990"},"modified":"2024-03-07T18:20:52","modified_gmt":"2024-03-07T18:20:52","slug":"custom-products","status":"publish","type":"page","link":"https:\/\/printiii.com\/de\/custom-products\/","title":{"rendered":"Individuelle Produkte"},"content":{"rendered":"<h2 class=\"wp-block-heading\">Individuelle Produkte<\/h2>\n\n\n\n<p>Bei <strong>Printiii<\/strong>glauben wir daran, dass wir Ihre Ideen zum Leben erwecken k\u00f6nnen. Unser Team von talentierten Designern ist hier, um ma\u00dfgeschneiderte Produkte und Designs zu entwerfen, die nur auf Sie zugeschnitten sind. Ganz gleich, ob Sie ein einzigartiges Geschenk, personalisierte Artikel f\u00fcr Ihr Unternehmen oder etwas v\u00f6llig Neues und Innovatives suchen, wir haben das Richtige f\u00fcr Sie. Um mit der Erstellung Ihres individuellen Designs zu beginnen, kontaktieren Sie uns einfach \u00fcber unser Kontaktformular oder setzen Sie sich per Live-Chat mit uns in Verbindung. Unser Team freut sich darauf, mit Ihnen zusammenzuarbeiten, um sicherzustellen, dass jedes Detail perfekt und einzigartig f\u00fcr Sie ist. Lassen Sie uns gemeinsam etwas Au\u00dfergew\u00f6hnliches schaffen!<\/p>","protected":false},"excerpt":{"rendered":"<p>Custom Products At Printiii, we believe in making your ideas come to life. Our team of talented designers is here to create custom products and designs tailored just for you. Whether you&#8217;re seeking a unique gift, personalized merchandise for your business, or something entirely new and innovative, we&#8217;ve got you covered. To start creating your [&hellip;]<\/p>","protected":false},"author":1,"featured_media":0,"parent":0,"menu_order":0,"comment_status":"closed","ping_status":"closed","template":"","meta":{"footnotes":""},"class_list":["post-12990","page","type-page","status-publish","hentry"],"_links":{"self":[{"href":"https:\/\/printiii.com\/de\/wp-json\/wp\/v2\/pages\/12990","targetHints":{"allow":["GET"]}}],"collection":[{"href":"https:\/\/printiii.com\/de\/wp-json\/wp\/v2\/pages"}],"about":[{"href":"https:\/\/printiii.com\/de\/wp-json\/wp\/v2\/types\/page"}],"author":[{"embeddable":true,"href":"https:\/\/printiii.com\/de\/wp-json\/wp\/v2\/users\/1"}],"replies":[{"embeddable":true,"href":"https:\/\/printiii.com\/de\/wp-json\/wp\/v2\/comments?post=12990"}],"version-history":[{"count":1,"href":"https:\/\/printiii.com\/de\/wp-json\/wp\/v2\/pages\/12990\/revisions"}],"predecessor-version":[{"id":12991,"href":"https:\/\/printiii.com\/de\/wp-json\/wp\/v2\/pages\/12990\/revisions\/12991"}],"wp:attachment":[{"href":"https:\/\/printiii.com\/de\/wp-json\/wp\/v2\/media?parent=12990"}],"curies":[{"name":"wp","href":"https:\/\/api.w.org\/{rel}","templated":true}]}}