{"id":8117,"date":"2023-09-26T03:34:52","date_gmt":"2023-09-26T03:34:52","guid":{"rendered":"https:\/\/printspace.harutheme.com\/art\/?page_id=8117"},"modified":"2024-04-08T06:59:15","modified_gmt":"2024-04-08T06:59:15","slug":"about-us","status":"publish","type":"page","link":"https:\/\/printiii.com\/de\/about-us\/","title":{"rendered":"\u00dcber uns"},"content":{"rendered":"<div data-elementor-type=\"wp-page\" data-elementor-id=\"8117\" class=\"elementor elementor-8117\">\n\t\t\t\t<div class=\"elementor-element elementor-element-0945638 section-bg-gray-6 e-flex e-con-boxed e-con e-parent\" data-id=\"0945638\" data-element_type=\"container\" data-core-v316-plus=\"true\">\n\t\t\t\t\t<div class=\"e-con-inner\">\n\t\t<div class=\"elementor-element elementor-element-dea1c15 e-con-full e-flex e-con e-child\" data-id=\"dea1c15\" data-element_type=\"container\">\n\t\t<div class=\"elementor-element elementor-element-5eacc22 e-con-full e-flex e-con e-child\" data-id=\"5eacc22\" data-element_type=\"container\">\n\t\t\t\t<div class=\"elementor-element elementor-element-eebb754 elementor-widget elementor-widget-haru-heading\" data-id=\"eebb754\" data-element_type=\"widget\" data-widget_type=\"haru-heading.default\">\n\t\t\t\t<div class=\"elementor-widget-container\">\n\t\t\t<h2 class=\"haru-heading-title haru-heading-title--heading-5\">St\u00f6bere in unserer einzigartigen Auswahl an hochwertigen Kunstwerken<\/h2>\t\t<\/div>\n\t\t\t\t<\/div>\n\t\t\t\t<div class=\"elementor-element elementor-element-e032d0a elementor-widget elementor-widget-haru-heading\" data-id=\"e032d0a\" data-element_type=\"widget\" data-widget_type=\"haru-heading.default\">\n\t\t\t\t<div class=\"elementor-widget-container\">\n\t\t\t<h2 class=\"haru-heading-title haru-heading-title--description-2\">Seit 2020 sind wir bestrebt, die besten personalisierten Kunstwerke f\u00fcr Menschen auf der ganzen Welt anzubieten.<\/h2>\t\t<\/div>\n\t\t\t\t<\/div>\n\t\t\t\t<div class=\"elementor-element elementor-element-778f56c elementor-widget elementor-widget-haru-heading\" data-id=\"778f56c\" data-element_type=\"widget\" data-widget_type=\"haru-heading.default\">\n\t\t\t\t<div class=\"elementor-widget-container\">\n\t\t\t<h2 class=\"haru-heading-title haru-heading-title--heading-13\">Individuelle Erstellung deines Designs<\/h2>\t\t<\/div>\n\t\t\t\t<\/div>\n\t\t\t\t<div class=\"elementor-element elementor-element-db92dc5 elementor-widget elementor-widget-haru-heading\" data-id=\"db92dc5\" data-element_type=\"widget\" data-widget_type=\"haru-heading.default\">\n\t\t\t\t<div class=\"elementor-widget-container\">\n\t\t\t<h2 class=\"haru-heading-title haru-heading-title--description-2\">Unsere erstklassigen Designer erstellen dein individuelles Kunstwerk mit viel Liebe, Sorgfalt und Aufmerksamkeit. Deine Illustration wird individuell von unseren K\u00fcnstlern digital nachgezeichnet, sodass es hochaufl\u00f6send gedruckt werden kann. Alle Designs durchlaufen eine interne Qualit\u00e4tskontrolle, um sicherzustellen, dass dein einzigartiges Kunstwerk absolut perfekt ist. Sobald wir zufrieden sind, senden wir dir eine Vorschau zur Genehmigung!<\/h2>\t\t<\/div>\n\t\t\t\t<\/div>\n\t\t\t\t<div class=\"elementor-element elementor-element-834f084 elementor-widget elementor-widget-haru-heading\" data-id=\"834f084\" data-element_type=\"widget\" data-widget_type=\"haru-heading.default\">\n\t\t\t\t<div class=\"elementor-widget-container\">\n\t\t\t<h2 class=\"haru-heading-title haru-heading-title--heading-13\">Wir drucken es erst, sobald Du es freigibst<\/h2>\t\t<\/div>\n\t\t\t\t<\/div>\n\t\t\t\t<div class=\"elementor-element elementor-element-78475b3 elementor-widget elementor-widget-haru-heading\" data-id=\"78475b3\" data-element_type=\"widget\" data-widget_type=\"haru-heading.default\">\n\t\t\t\t<div class=\"elementor-widget-container\">\n\t\t\t<h2 class=\"haru-heading-title haru-heading-title--description-2\">Sobald Du deine Vorschau genehmigt hast, schicken wir sie zum Druck. Wir drucken dein einzigartiges Kunstwerk auf das von dir gew\u00e4hlte Produkt und verwenden dabei branchenf\u00fchrende Techniken und Druckger\u00e4te. Die Auftr\u00e4ge durchlaufen nach dem Druck eine weitere Qualit\u00e4tskontrolle, um sicherzustellen, dass w\u00e4hrend des Drucks keine Probleme mit der Tinte oder dem Produkt aufgetreten sind.<\/h2>\t\t<\/div>\n\t\t\t\t<\/div>\n\t\t\t\t<div class=\"elementor-element elementor-element-fcd55ff elementor-widget elementor-widget-haru-heading\" data-id=\"fcd55ff\" data-element_type=\"widget\" data-widget_type=\"haru-heading.default\">\n\t\t\t\t<div class=\"elementor-widget-container\">\n\t\t\t<h2 class=\"haru-heading-title haru-heading-title--heading-13\">Qualit\u00e4tspr\u00fcfung und Versand<\/h2>\t\t<\/div>\n\t\t\t\t<\/div>\n\t\t\t\t<div class=\"elementor-element elementor-element-96c1f46 elementor-widget elementor-widget-haru-heading\" data-id=\"96c1f46\" data-element_type=\"widget\" data-widget_type=\"haru-heading.default\">\n\t\t\t\t<div class=\"elementor-widget-container\">\n\t\t\t<h2 class=\"haru-heading-title haru-heading-title--description-2\">Bevor die Sendung unser Haus verl\u00e4sst, verpacken wir deine Bestellung sorgf\u00e4ltig in einer stabilen, haltbaren Verpackung mit minimalem Plastikverbrauch. Wir versenden deine Bestellung mit einer verfolgbaren Trackingnummer und senden dir eine Benachrichtigung per E-Mail. Somit kannst du den Weg deines Pakets bis zu deiner Haust\u00fcr verfolgen.<\/h2>\t\t<\/div>\n\t\t\t\t<\/div>\n\t\t\t\t<\/div>\n\t\t\t\t<\/div>\n\t\t<div class=\"elementor-element elementor-element-9f81aa9 e-con-full e-flex e-con e-child\" data-id=\"9f81aa9\" data-element_type=\"container\">\n\t\t\t\t<div class=\"elementor-element elementor-element-2c97be9 elementor-widget elementor-widget-haru-banner\" data-id=\"2c97be9\" data-element_type=\"widget\" data-widget_type=\"haru-banner.default\">\n\t\t\t\t<div class=\"elementor-widget-container\">\n\t\t\t\n                            <div class=\"haru-banner haru-banner--style-0 haru-banner--hover-scale\">\n                    \n\t\t\t<a class=\"\" href=\"https:\/\/printiii.com\/de\/shop\/\">\n\t\t\t\t<div class=\"haru-banner__image\">\n\t\t\t\t<img decoding=\"async\" src=\"https:\/\/printiii.com\/wp-content\/uploads\/2024\/03\/Illustrator.webp\" alt=\"Printiii\">\n\t\t\t<\/div>\n\t\t\t<\/a>\n\t\n\n\n\n\n\n\n\n\n\n\n\n\n\n\n\n                <\/div>\n            \n            \t\t<\/div>\n\t\t\t\t<\/div>\n\t\t\t\t<div class=\"elementor-element elementor-element-d1a5c10 elementor-widget elementor-widget-haru-banner\" data-id=\"d1a5c10\" data-element_type=\"widget\" data-widget_type=\"haru-banner.default\">\n\t\t\t\t<div class=\"elementor-widget-container\">\n\t\t\t\n                            <div class=\"haru-banner haru-banner--style-0 haru-banner--hover-scale\">\n                    \n\t\t\t<a class=\"\" href=\"https:\/\/aivitam.vc\/\" target=\"_blank\" rel=\"noopener\">\n\t\t\t\t<div class=\"haru-banner__image\">\n\t\t\t\t<img decoding=\"async\" src=\"https:\/\/printiii.com\/wp-content\/uploads\/2024\/03\/printer_1920X.webp\" alt=\"Printiii\">\n\t\t\t<\/div>\n\t\t\t<\/a>\n\t\n\n\n\n\n\n\n\n\n\n\n\n\n\n\n\n                <\/div>\n            \n            \t\t<\/div>\n\t\t\t\t<\/div>\n\t\t\t\t<\/div>\n\t\t\t\t\t<\/div>\n\t\t\t\t<\/div>\n\t\t<div class=\"elementor-element elementor-element-4674271 section-bg-gray-6 e-flex e-con-boxed e-con e-parent\" data-id=\"4674271\" data-element_type=\"container\" data-core-v316-plus=\"true\">\n\t\t\t\t\t<div class=\"e-con-inner\">\n\t\t<div class=\"elementor-element elementor-element-4712281 e-con-full e-flex e-con e-child\" data-id=\"4712281\" data-element_type=\"container\">\n\t\t\t\t<div class=\"elementor-element elementor-element-0a39bbf elementor-widget elementor-widget-haru-heading\" data-id=\"0a39bbf\" data-element_type=\"widget\" data-widget_type=\"haru-heading.default\">\n\t\t\t\t<div class=\"elementor-widget-container\">\n\t\t\t<h2 class=\"haru-heading-title haru-heading-title--heading-5\">We live to discover great art and share it with the world.<\/h2>\t\t<\/div>\n\t\t\t\t<\/div>\n\t\t\t\t<div class=\"elementor-element elementor-element-4dccc09 elementor-widget elementor-widget-haru-heading\" data-id=\"4dccc09\" data-element_type=\"widget\" data-widget_type=\"haru-heading.default\">\n\t\t\t\t<div class=\"elementor-widget-container\">\n\t\t\t<h2 class=\"haru-heading-title haru-heading-title--description-2\">See what\u2019s trending right now. We\u2019re something other than duplicates<\/h2>\t\t<\/div>\n\t\t\t\t<\/div>\n\t\t\t\t<\/div>\n\t\t\t\t\t<\/div>\n\t\t\t\t<\/div>\n\t\t<div class=\"elementor-element elementor-element-50c4704 section-bg-gray-6 e-flex e-con-boxed e-con e-parent\" data-id=\"50c4704\" data-element_type=\"container\" data-core-v316-plus=\"true\">\n\t\t\t\t\t<div class=\"e-con-inner\">\n\t\t<div class=\"elementor-element elementor-element-2d2829b e-con-full e-flex e-con e-child\" data-id=\"2d2829b\" data-element_type=\"container\">\n\t\t\t\t<div class=\"elementor-element elementor-element-c9a25cf elementor-widget elementor-widget-haru-icon-box\" data-id=\"c9a25cf\" data-element_type=\"widget\" data-widget_type=\"haru-icon-box.default\">\n\t\t\t\t<div class=\"elementor-widget-container\">\n\t\t\t\n            \n                \n\n                <div class=\"haru-icon-box haru-icon-box--style-13\">\n                                                                \n                                                                        <div class=\"haru-icon-box__icon\">\n                                <span  >\n                                <i aria-hidden=\"true\" class=\"pricon pricon-internet\"><\/i>                                <\/span>\n                            <\/div>\n\n                            <h6 class=\"haru-icon-box__title\">\n                                                                    WELT<br>WELTWEITER VERSAND                                                            <\/h6>\n\n                            <div class=\"haru-icon-box__content\">\n                                                                <p class=\"haru-icon-box__description\">Entdecke unsere globale Reichweite. Wir liefern Deine personalisierten Leinw\u00e4nde und Poster in jeden Teil der Welt, damit Deine Kunst grenzenlos ist.<\/p>\n                                                            <\/div>\n                                            \n                                    <\/div>\n\n            \n            \t\t<\/div>\n\t\t\t\t<\/div>\n\t\t\t\t<div class=\"elementor-element elementor-element-5d05529 elementor-widget elementor-widget-haru-icon-box\" data-id=\"5d05529\" data-element_type=\"widget\" data-widget_type=\"haru-icon-box.default\">\n\t\t\t\t<div class=\"elementor-widget-container\">\n\t\t\t\n            \n                \n\n                <div class=\"haru-icon-box haru-icon-box--style-13\">\n                                                                \n                                                                        <div class=\"haru-icon-box__icon\">\n                                <span  >\n                                <i aria-hidden=\"true\" class=\"pricon pricon-download\"><\/i>                                <\/span>\n                            <\/div>\n\n                            <h6 class=\"haru-icon-box__title\">\n                                                                    INDIVIDUELLE ANPASSUNG<br>AUF KNOPFDRUCK                                                            <\/h6>\n\n                            <div class=\"haru-icon-box__content\">\n                                                                <p class=\"haru-icon-box__description\">Deine Vision, unsere Leinwand. Gestalte deine Poster und Leinw\u00e4nde mit Leichtigkeit und mache jedes St\u00fcck zu deinem Unikat.<\/p>\n                                                            <\/div>\n                                            \n                                    <\/div>\n\n            \n            \t\t<\/div>\n\t\t\t\t<\/div>\n\t\t\t\t<\/div>\n\t\t<div class=\"elementor-element elementor-element-2ff95d1 e-con-full e-flex e-con e-child\" data-id=\"2ff95d1\" data-element_type=\"container\">\n\t\t<div class=\"elementor-element elementor-element-2aa72db e-con-full e-flex e-con e-child\" data-id=\"2aa72db\" data-element_type=\"container\">\n\t\t<div class=\"elementor-element elementor-element-ff79677 e-con-full e-flex e-con e-child\" data-id=\"ff79677\" data-element_type=\"container\">\n\t\t\t\t<div class=\"elementor-element elementor-element-ffeec4a elementor-widget elementor-widget-haru-banner\" data-id=\"ffeec4a\" data-element_type=\"widget\" data-widget_type=\"haru-banner.default\">\n\t\t\t\t<div class=\"elementor-widget-container\">\n\t\t\t\n                            <div class=\"haru-banner haru-banner--style-0 haru-banner--hover-scale\">\n                    \n\t\t\t<a class=\"\" href=\"https:\/\/printiii.com\/de\/shop\/\">\n\t\t\t\t<div class=\"haru-banner__image\">\n\t\t\t\t<img decoding=\"async\" src=\"https:\/\/printiii.com\/wp-content\/uploads\/2024\/03\/package.webp\" alt=\"Printiii\">\n\t\t\t<\/div>\n\t\t\t<\/a>\n\t\n\n\n\n\n\n\n\n\n\n\n\n\n\n\n\n                <\/div>\n            \n            \t\t<\/div>\n\t\t\t\t<\/div>\n\t\t\t\t<\/div>\n\t\t\t\t<\/div>\n\t\t\t\t<\/div>\n\t\t<div class=\"elementor-element elementor-element-ae26213 e-con-full e-flex e-con e-child\" data-id=\"ae26213\" data-element_type=\"container\">\n\t\t\t\t<div class=\"elementor-element elementor-element-47b96b3 elementor-widget elementor-widget-haru-icon-box\" data-id=\"47b96b3\" data-element_type=\"widget\" data-widget_type=\"haru-icon-box.default\">\n\t\t\t\t<div class=\"elementor-widget-container\">\n\t\t\t\n            \n                \n\n                <div class=\"haru-icon-box haru-icon-box--style-13\">\n                                                                \n                                                                        <div class=\"haru-icon-box__icon\">\n                                <span  >\n                                <i aria-hidden=\"true\" class=\"pricon pricon-heart\"><\/i>                                <\/span>\n                            <\/div>\n\n                            <h6 class=\"haru-icon-box__title\">\n                                                                    QUALIT\u00c4T<br>Guaranteed                                                            <\/h6>\n\n                            <div class=\"haru-icon-box__content\">\n                                                                <p class=\"haru-icon-box__description\">Zur Zufriedenheit gefertigt. Wir sind stolz auf die Qualit\u00e4t unserer Produkte und verwenden hochwertige Materialien, damit deine Kunstwerke ein Leben lang halten.<\/p>\n                                                            <\/div>\n                                            \n                                    <\/div>\n\n            \n            \t\t<\/div>\n\t\t\t\t<\/div>\n\t\t\t\t<div class=\"elementor-element elementor-element-a697700 elementor-widget elementor-widget-haru-icon-box\" data-id=\"a697700\" data-element_type=\"widget\" data-widget_type=\"haru-icon-box.default\">\n\t\t\t\t<div class=\"elementor-widget-container\">\n\t\t\t\n            \n                \n\n                <div class=\"haru-icon-box haru-icon-box--style-13\">\n                                                                \n                                                                        <div class=\"haru-icon-box__icon\">\n                                <span  >\n                                <i aria-hidden=\"true\" class=\"pricon pricon-card-payment\"><\/i>                                <\/span>\n                            <\/div>\n\n                            <h6 class=\"haru-icon-box__title\">\n                                                                    SICHERE<br>ONLINE BEZAHLUNG                                                            <\/h6>\n\n                            <div class=\"haru-icon-box__content\">\n                                                                <p class=\"haru-icon-box__description\">Einkaufen mit Sicherheit. Unser verschl\u00fcsseltes Zahlungssystem h\u00e4lt Deine Transaktionen sicher und sch\u00fctzt Deine Daten bei jedem Schritt.<\/p>\n                                                            <\/div>\n                                            \n                                    <\/div>\n\n            \n            \t\t<\/div>\n\t\t\t\t<\/div>\n\t\t\t\t<\/div>\n\t\t\t\t\t<\/div>\n\t\t\t\t<\/div>\n\t\t\t\t<\/div>","protected":false},"excerpt":{"rendered":"<p>Browse our unique selection of high-quality art prints Therefore since 2020, we have strived to bring the best personalized art prints to people all over the world. Custom Design Creation Our top-class designers will create your custom artwork with a lot of love, care, and attention. Your illustration will be individually traced digitally by our [&hellip;]<\/p>","protected":false},"author":1,"featured_media":0,"parent":0,"menu_order":0,"comment_status":"closed","ping_status":"closed","template":"","meta":{"footnotes":""},"class_list":["post-8117","page","type-page","status-publish","hentry"],"_links":{"self":[{"href":"https:\/\/printiii.com\/de\/wp-json\/wp\/v2\/pages\/8117","targetHints":{"allow":["GET"]}}],"collection":[{"href":"https:\/\/printiii.com\/de\/wp-json\/wp\/v2\/pages"}],"about":[{"href":"https:\/\/printiii.com\/de\/wp-json\/wp\/v2\/types\/page"}],"author":[{"embeddable":true,"href":"https:\/\/printiii.com\/de\/wp-json\/wp\/v2\/users\/1"}],"replies":[{"embeddable":true,"href":"https:\/\/printiii.com\/de\/wp-json\/wp\/v2\/comments?post=8117"}],"version-history":[{"count":22,"href":"https:\/\/printiii.com\/de\/wp-json\/wp\/v2\/pages\/8117\/revisions"}],"predecessor-version":[{"id":13469,"href":"https:\/\/printiii.com\/de\/wp-json\/wp\/v2\/pages\/8117\/revisions\/13469"}],"wp:attachment":[{"href":"https:\/\/printiii.com\/de\/wp-json\/wp\/v2\/media?parent=8117"}],"curies":[{"name":"wp","href":"https:\/\/api.w.org\/{rel}","templated":true}]}}