{"id":12913,"date":"2024-03-03T20:10:24","date_gmt":"2024-03-03T20:10:24","guid":{"rendered":"https:\/\/printiii.com\/?post_type=product&#038;p=12913"},"modified":"2024-03-03T20:16:44","modified_gmt":"2024-03-03T20:16:44","slug":"name-coordinates-canvas","status":"publish","type":"product","link":"https:\/\/printiii.com\/de\/produkt\/name-coordinates-canvas\/","title":{"rendered":"Name Koordinaten Leinwand"},"content":{"rendered":"<h2>Personalisierte Koordinaten Leinwand:<\/h2>\n<h3>Personalisiere deine eigene Koordinaten Leinwand mit deinem Namen<\/h3>\n<p>Gestalte jetzt eine einzigartige Leinwand mit den Namen von dir und deinem Partner! Dieses personalisierte Kunstwerk ist das perfekte Geschenk f\u00fcr Hochzeiten, Paare oder f\u00fcr ein neues gemeinsames Zuhause.<\/p>\n<p>W\u00e4hrend dem Bestellprozess kannst du die Leinwand mit deinem Namen und Wunschstandort personalisieren. Wir finden zu der angegebenen Adresse die Koordinaten heraus und f\u00fcgen diese hinzu.<\/p>\n<p>Schreibe an unseren Support, wenn du einen speziellen Wunsch hast. Das Design kann an Ihre Bed\u00fcrfnisse angepasst werden.<\/p>\n<p>Sobald wir das Kunstwerk fertigstellen, bekommst du eine Vorschau per E-Mail zugesandt. Ab diesem Zeitpunkt kannst du uns deine \u00c4nderungsw\u00fcnsche mitteilen. Sollten wir innerhalb von 24 Stunden nichts von dir h\u00f6ren, schicken wir den Druck zur Produktion.<\/p>\n<h3>Umweltfreundliche Leinw\u00e4nde f\u00fcr gestochen scharfe Aufdrucke<\/h3>\n<p>Unsere Leinw\u00e4nde werden auf mattes, hochwertiges Polycotton-Leinwandstoff gedruckt. Die Mischung aus Baumwolle (65 %) und Polyester (35 %) verleiht dem Leinwandstoff ein charakteristisches nat\u00fcrliches Aussehen. Die geruchlose HP Latex-Tinte ist umweltfreundlich und sorgt daf\u00fcr, dass die Farben hervorstechen. Der robust gewebte Stoff wird auf einen 18 mm starken Holzrahmen gespannt.<\/p>\n<p><strong>Schritt 1: W\u00e4hle deine Lieblingsfotos f\u00fcr die Fotocollage aus<\/strong><br \/>\nW\u00e4hle deine Wunschkonfiguration w\u00e4hrend dem Bestellprozess aus.<\/p>\n<p><strong>Schritt 2: Mach es pers\u00f6nlich<\/strong><br \/>\nLass unsere Designer wissen, ob du spezielle W\u00fcnsche hast. Wir versuchen dir die perfekte personalisierte Leinwand zu erm\u00f6glichen.<\/p>\n<p><strong>Schritt 3: \u00dcberpr\u00fcfung der Designs<\/strong><br \/>\nDein Kunstwerk wird von unserem Qualit\u00e4tsteam gepr\u00fcft, um sicherzustellen, dass der Designer ein Werk geschaffen hat, dass du lieben wirst. Unser Pr\u00fcfungsprozess ist streng und wir gehen nur dann in die Produktion, wenn es alle unsere internen Pr\u00fcfungen bestanden hat. Au\u00dferdem hast du die M\u00f6glichkeit das Design vorab zu genehmigen.<\/p>\n<p><strong>Schritt 4: Lieferung zu dir nachhause!<\/strong><br \/>\nDein fertiges Kunstwerk wird zu dir nach Hause geliefert und ein Mitglied unseres Teams wird sich mit dir in Verbindung setzen, um sicherzustellen, dass du zufrieden bist!<\/p>","protected":false},"excerpt":{"rendered":"<p>Gestalte jetzt eine einzigartige Leinwand mit den Namen von dir und deinem Partner! Dieses personalisierte Kunstwerk ist das perfekte Geschenk f\u00fcr Hochzeiten, Paare oder f\u00fcr ein neues gemeinsames Zuhause.<\/p>","protected":false},"featured_media":12918,"comment_status":"open","ping_status":"closed","template":"","meta":[],"product_cat":[30],"product_tag":[],"class_list":{"0":"post-12913","1":"product","2":"type-product","3":"status-publish","4":"has-post-thumbnail","6":"product_cat-canvas-prints","8":"first","9":"instock","10":"taxable","11":"shipping-taxable","12":"purchasable","13":"product-type-variable"},"_links":{"self":[{"href":"https:\/\/printiii.com\/de\/wp-json\/wp\/v2\/product\/12913","targetHints":{"allow":["GET"]}}],"collection":[{"href":"https:\/\/printiii.com\/de\/wp-json\/wp\/v2\/product"}],"about":[{"href":"https:\/\/printiii.com\/de\/wp-json\/wp\/v2\/types\/product"}],"replies":[{"embeddable":true,"href":"https:\/\/printiii.com\/de\/wp-json\/wp\/v2\/comments?post=12913"}],"wp:featuredmedia":[{"embeddable":true,"href":"https:\/\/printiii.com\/de\/wp-json\/wp\/v2\/media\/12918"}],"wp:attachment":[{"href":"https:\/\/printiii.com\/de\/wp-json\/wp\/v2\/media?parent=12913"}],"wp:term":[{"taxonomy":"product_cat","embeddable":true,"href":"https:\/\/printiii.com\/de\/wp-json\/wp\/v2\/product_cat?post=12913"},{"taxonomy":"product_tag","embeddable":true,"href":"https:\/\/printiii.com\/de\/wp-json\/wp\/v2\/product_tag?post=12913"}],"curies":[{"name":"wp","href":"https:\/\/api.w.org\/{rel}","templated":true}]}}