{"id":12995,"date":"2024-03-08T13:48:23","date_gmt":"2024-03-08T13:48:23","guid":{"rendered":"https:\/\/printiii.com\/?post_type=product&#038;p=12995"},"modified":"2025-12-27T19:29:04","modified_gmt":"2025-12-27T19:29:04","slug":"city-map-heart-poster","status":"publish","type":"product","link":"https:\/\/printiii.com\/de\/produkt\/city-map-heart-poster\/","title":{"rendered":"City Map Heart Poster"},"content":{"rendered":"<h1>Personalized City Map Poster:<\/h1>\n<h2>Create your own city map poster now:<\/h2>\n<p>Create a personalized City Map Poster in the shape of a heart! Choose a location of your choice, such as your hometown, favorite city, first meeting place, wedding venue, or a memorable vacation spot. It&#8217;s the perfect gift for your loved ones or to treat yourself to this beautiful City Map Poster.<\/p>\n<p>During the ordering process, enter your desired address, text, choose your favorite color, and select the desired size. Optionally, you can add a marker (pin) to your desired location. For our production, we only use high-quality materials to ensure that the print will last a lifetime.<\/p>\n<p>If you have a specific request for which area the map should show, please send us a screenshot. Otherwise, we will select an area that looks best.<\/p>\n<p>Sobald wir das Design fertiggestellt haben, erh\u00e4ltst du eine Vorschau per E-Mail. Von diesem Zeitpunkt an kannst du uns alle \u00c4nderungen mitteilen, die du w\u00fcnschst. Wenn wir nicht innerhalb von 24 Stunden von Ihnen h\u00f6ren, werden wir mit der Produktion fortfahren.<\/p>\n<h2>Museum Quality Posters<\/h2>\n<p>Die Poster werden auf haltbarem, mattem, ungestrichenem Papier hergestellt. Das Papier wird aus nachhaltig bewirtschafteten W\u00e4ldern hergestellt und ist FSC-zertifiziert.<\/p>\n<ul>\n<li>200 g\/m2 mattes Papier<\/li>\n<li>Leichter 1-2 cm (0,4-0,8\u2033) dicker Aluminium- oder Holzrahmen<\/li>\n<li>Bruchsicheres, transparentes Plexiglas.<\/li>\n<\/ul>\n<p><strong>Step 1: Create your personalized City Map Poster<\/strong><br \/>\nW\u00e4hle deine gew\u00fcnschte Konfiguration w\u00e4hrend des Bestellvorgangs.<\/p>\n<p><strong>Schritt 2: Mach es pers\u00f6nlich<\/strong><br \/>\nLasse unsere Designer wissen, ob Du irgendwelche besonderen W\u00fcnsche hast. Wir bem\u00fchen uns, Dir das perfekte, pers\u00f6nliche Geschenk zu machen.<\/p>\n<p><strong>Schritt 3: \u00dcberpr\u00fcfung des Entwurfs<\/strong><br \/>\nDein Kunstwerk wird von unserem Qualit\u00e4tsteam gepr\u00fcft, um sicherzustellen, dass der Designer ein Werk geschaffen hat, dass du lieben wirst. Unser Pr\u00fcfungsprozess ist streng und wir gehen nur dann in die Produktion, wenn es alle unsere internen Pr\u00fcfungen bestanden hat. Au\u00dferdem hast du die M\u00f6glichkeit das Design vorab zu genehmigen.<\/p>\n<p><strong>Schritt 4: Lieferung zu dir nachhause!<\/strong><br \/>\nDein fertiges Kunstwerk wird zu dir nach Hause geliefert und ein Mitglied unseres Teams wird sich mit dir in Verbindung setzen, um sicherzustellen, dass du zufrieden bist!<\/p>","protected":false},"excerpt":{"rendered":"<p>Create a personalized City Map Poster in the shape of a heart! Choose a location of your choice, such as your hometown, favorite city, first meeting place, wedding venue, or a memorable vacation spot. It&#8217;s the perfect gift for your loved ones or to treat yourself to this beautiful City Map Poster.<\/p>","protected":false},"featured_media":12996,"comment_status":"open","ping_status":"closed","template":"","meta":[],"product_cat":[38],"product_tag":[],"class_list":{"0":"post-12995","1":"product","2":"type-product","3":"status-publish","4":"has-post-thumbnail","6":"product_cat-posters","8":"first","9":"instock","10":"taxable","11":"shipping-taxable","12":"purchasable","13":"product-type-variable"},"_links":{"self":[{"href":"https:\/\/printiii.com\/de\/wp-json\/wp\/v2\/product\/12995","targetHints":{"allow":["GET"]}}],"collection":[{"href":"https:\/\/printiii.com\/de\/wp-json\/wp\/v2\/product"}],"about":[{"href":"https:\/\/printiii.com\/de\/wp-json\/wp\/v2\/types\/product"}],"replies":[{"embeddable":true,"href":"https:\/\/printiii.com\/de\/wp-json\/wp\/v2\/comments?post=12995"}],"wp:featuredmedia":[{"embeddable":true,"href":"https:\/\/printiii.com\/de\/wp-json\/wp\/v2\/media\/12996"}],"wp:attachment":[{"href":"https:\/\/printiii.com\/de\/wp-json\/wp\/v2\/media?parent=12995"}],"wp:term":[{"taxonomy":"product_cat","embeddable":true,"href":"https:\/\/printiii.com\/de\/wp-json\/wp\/v2\/product_cat?post=12995"},{"taxonomy":"product_tag","embeddable":true,"href":"https:\/\/printiii.com\/de\/wp-json\/wp\/v2\/product_tag?post=12995"}],"curies":[{"name":"wp","href":"https:\/\/api.w.org\/{rel}","templated":true}]}}