{"id":13179,"date":"2024-03-20T12:05:34","date_gmt":"2024-03-20T12:05:34","guid":{"rendered":"https:\/\/printiii.com\/?post_type=product&#038;p=13179"},"modified":"2025-12-27T19:30:08","modified_gmt":"2025-12-27T19:30:08","slug":"family-tree-wall-art-canvas","status":"publish","type":"product","link":"https:\/\/printiii.com\/de\/produkt\/family-tree-wall-art-canvas\/","title":{"rendered":"Familien Baum Leinwand"},"content":{"rendered":"<h2>Create your own family tree collage on canvas:<\/h2>\n<p>Wir erstellen f\u00fcr dich eine sch\u00f6ne Fotocollage in Form eines <strong>Baumes<\/strong> auf einer Leinwand. F\u00fcr die Fotocollage ben\u00f6tigen wir <strong>37<\/strong> <strong>37 Bilder<\/strong>. It is the perfect gift for the family.<\/p>\n<p>Nach dem Kauf erh\u00e4ltst du per E-Mail Anweisungen, wie du uns die Bilder schicken kannst.<\/p>\n<p>Sobald wir die Foto Collage fertigstellen, bekommst du eine Vorschau per E-Mail zugesandt. Ab diesem Zeitpunkt kannst du uns deine \u00c4nderungsw\u00fcnsche mitteilen. Sollten wir innerhalb von 24 Stunden nichts von dir h\u00f6ren, schicken wir den Druck zur Produktion.<\/p>\n<h2>Umweltfreundliche Leinw\u00e4nde f\u00fcr gestochen scharfe Aufdrucke<\/h2>\n<p>Unsere Leinw\u00e4nde werden auf mattes, hochwertiges Polycotton-Leinwandstoff gedruckt. Die Mischung aus Baumwolle (65 %) und Polyester (35 %) verleiht dem Leinwandstoff ein charakteristisches nat\u00fcrliches Aussehen. Die geruchlose HP Latex-Tinte ist umweltfreundlich und sorgt daf\u00fcr, dass die Farben hervorstechen. Der robust gewebte Stoff wird auf einen 18 mm starken Holzrahmen gespannt.<\/p>\n<p><strong>Schritt 1: W\u00e4hle deine Lieblingsfotos f\u00fcr die Fotocollage aus<\/strong><br \/>\nW\u00e4hle deine Wunschkonfiguration w\u00e4hrend dem Bestellprozess aus.<\/p>\n<p><strong>Schritt 2: Mach es pers\u00f6nlich<\/strong><br \/>\nLass unsere Designer wissen, ob du spezielle W\u00fcnsche hast. Wir versuchen dir die perfekte personalisierte Leinwand zu erm\u00f6glichen.<\/p>\n<p><strong>Schritt 3: \u00dcberpr\u00fcfung der Designs<\/strong><br \/>\nDein Kunstwerk wird von unserem Qualit\u00e4tsteam gepr\u00fcft, um sicherzustellen, dass der Designer ein Werk geschaffen hat, dass du lieben wirst. Unser Pr\u00fcfungsprozess ist streng und wir gehen nur dann in die Produktion, wenn es alle unsere internen Pr\u00fcfungen bestanden hat. Au\u00dferdem hast du die M\u00f6glichkeit das Design vorab zu genehmigen.<\/p>\n<p><strong>Schritt 4: Lieferung zu dir nachhause!<\/strong><br \/>\nDein fertiges Kunstwerk wird zu dir nach Hause geliefert und ein Mitglied unseres Teams wird sich mit dir in Verbindung setzen, um sicherzustellen, dass du zufrieden bist!<\/p>","protected":false},"excerpt":{"rendered":"<p>Wir erstellen f\u00fcr dich eine sch\u00f6ne Fotocollage in Form eines <strong>Baumes<\/strong> auf einer Leinwand. F\u00fcr die Fotocollage ben\u00f6tigen wir <strong>37<\/strong> <strong>37 Bilder<\/strong>. Es ist das perfekte Geschenk f\u00fcr die Familie. Nach dem Kauf erh\u00e4ltst du eine Anleitung per E-Mail, wie du uns die Bilder schicken kannst.<\/p>","protected":false},"featured_media":13184,"comment_status":"open","ping_status":"closed","template":"","meta":[],"product_cat":[30],"product_tag":[],"class_list":{"0":"post-13179","1":"product","2":"type-product","3":"status-publish","4":"has-post-thumbnail","6":"product_cat-canvas-prints","8":"first","9":"instock","10":"taxable","11":"shipping-taxable","12":"purchasable","13":"product-type-variable"},"_links":{"self":[{"href":"https:\/\/printiii.com\/de\/wp-json\/wp\/v2\/product\/13179","targetHints":{"allow":["GET"]}}],"collection":[{"href":"https:\/\/printiii.com\/de\/wp-json\/wp\/v2\/product"}],"about":[{"href":"https:\/\/printiii.com\/de\/wp-json\/wp\/v2\/types\/product"}],"replies":[{"embeddable":true,"href":"https:\/\/printiii.com\/de\/wp-json\/wp\/v2\/comments?post=13179"}],"wp:featuredmedia":[{"embeddable":true,"href":"https:\/\/printiii.com\/de\/wp-json\/wp\/v2\/media\/13184"}],"wp:attachment":[{"href":"https:\/\/printiii.com\/de\/wp-json\/wp\/v2\/media?parent=13179"}],"wp:term":[{"taxonomy":"product_cat","embeddable":true,"href":"https:\/\/printiii.com\/de\/wp-json\/wp\/v2\/product_cat?post=13179"},{"taxonomy":"product_tag","embeddable":true,"href":"https:\/\/printiii.com\/de\/wp-json\/wp\/v2\/product_tag?post=13179"}],"curies":[{"name":"wp","href":"https:\/\/api.w.org\/{rel}","templated":true}]}}