{"id":13276,"date":"2024-03-20T19:42:15","date_gmt":"2024-03-20T19:42:15","guid":{"rendered":"https:\/\/printiii.com\/?post_type=product&#038;p=13276"},"modified":"2025-12-06T23:52:02","modified_gmt":"2025-12-06T23:52:02","slug":"family-photo-collage-heart-shape-poster","status":"publish","type":"product","link":"https:\/\/printiii.com\/de\/produkt\/family-photo-collage-heart-shape-poster\/","title":{"rendered":"Familie Herz Fotocollage Poster"},"content":{"rendered":"<h1>Personalized Photo Collage Poster 30 Pictures<\/h1>\n<p>Erstelle eine personalisierte <strong>Fotocollage<\/strong>\u00a0in <strong>Form eines Herzens! <\/strong>Das perfekte Geschenk f\u00fcr Ihre Liebsten!<\/p>\n<p>Unsere gerahmten Holzposter sind die perfekte Kombination aus Eleganz und Robustheit. Unser schwereres, wei\u00dfes, mattes Premium-Papier hat eine nat\u00fcrliche, glatte, ungestrichene Oberfl\u00e4che, die sich luxuri\u00f6s anf\u00fchlt.<\/p>\n<p>Das Poster und der Rahmen sind getrennt in einem Karton verpackt. Keine Sorge, der Zusammenbau ist ein Kinderspiel - es ist kein Fachwissen erforderlich, und die Aufh\u00e4ngung ist im Lieferumfang enthalten.<\/p>\n<p><strong>Eigenschaften:<\/strong><\/p>\n<ul>\n<li>Die Rahmen sind aus Kiefernholz gefertigt und in 2 Farben erh\u00e4ltlich: Schwarz und Naturholz.<\/li>\n<li>Sie sind 20-25 mm \/0,79\u2033-0,98\u2033 dick und 10-14 mm \/0,4\u2033-0,6\u2033 breit und bieten die perfekte Balance zwischen Haltbarkeit und Stil.<\/li>\n<li>Damit dein Poster immer gut aussieht, verwenden wir bruchsicheres, transparentes Plexiglas, um es vor Besch\u00e4digungen zu sch\u00fctzen.<\/li>\n<li>Bei jeder Bestellung wird ein Montagematerial mitgeliefert, das das Aufh\u00e4ngen des Rahmens sowohl in horizontaler als auch in vertikaler Ausrichtung erleichtert.<\/li>\n<li>Das Papiergewicht von 200 g\/qm macht es haltbar und langlebig.<\/li>\n<li>Wir verwenden FSC-zertifiziertes Papier und Rahmen oder gleichwertige Zertifizierungen, je nach regionaler Verf\u00fcgbarkeit. Das ist besser f\u00fcr die Menschen und den Planeten.<\/li>\n<li>Jedes Poster und jeder Rahmen wird in einer robusten Verpackung versandt, die sicherstellt, dass es in tadellosem Zustand ankommt.<\/li>\n<li>Die Papiergr\u00f6\u00dfen k\u00f6nnen je nach Region leicht variieren. F\u00fcr die USA und Kanada sind die Ma\u00dfe in Zoll angegeben, f\u00fcr den Rest der Welt in Zentimetern.<\/li>\n<li>F\u00fcr die Verwendung in Innenr\u00e4umen<\/li>\n<li>Sie wird auf Anfrage gedruckt und versandt. Es ist kein Mindestbestellwert erforderlich.<\/li>\n<\/ul>\n<p>Sobald wir das Design fertiggestellt haben, erh\u00e4ltst du eine Vorschau per E-Mail. Von diesem Zeitpunkt an kannst du uns alle \u00c4nderungen mitteilen, die du w\u00fcnschst. Wenn wir nicht innerhalb von 24 Stunden von Ihnen h\u00f6ren, werden wir mit der Produktion fortfahren.<\/p>\n<h2>Mattes Premium-Papier<\/h2>\n<p>Die Poster werden auf haltbarem, mattem, ungestrichenem Papier hergestellt. Das Papier wird aus nachhaltig bewirtschafteten W\u00e4ldern hergestellt und ist FSC-zertifiziert.<\/p>\n<ul>\n<li>200 g\/m2 mattes Papier<\/li>\n<li>Leichter 1-2 cm (0,4-0,8\u2033) dicker Aluminium- oder Holzrahmen<\/li>\n<li>Bruchsicheres, transparentes Plexiglas.<\/li>\n<\/ul>\n<p><strong>Schritt 1: Erstelle dein pers\u00f6nliches Herz-Poster<\/strong><br \/>\nW\u00e4hle deine gew\u00fcnschte Konfiguration w\u00e4hrend des Bestellvorgangs.<\/p>\n<p><strong>Schritt 2: Mach es pers\u00f6nlich<\/strong><br \/>\nLasse unsere Designer wissen, ob Du irgendwelche besonderen W\u00fcnsche hast. Wir bem\u00fchen uns, Dir das perfekte, pers\u00f6nliche Geschenk zu machen.<\/p>\n<p><strong>Schritt 3: \u00dcberpr\u00fcfung des Entwurfs<\/strong><br \/>\nDein Kunstwerk wird von unserem Qualit\u00e4tsteam gepr\u00fcft, um sicherzustellen, dass der Designer ein Werk geschaffen hat, dass du lieben wirst. Unser Pr\u00fcfungsprozess ist streng und wir gehen nur dann in die Produktion, wenn es alle unsere internen Pr\u00fcfungen bestanden hat. Au\u00dferdem hast du die M\u00f6glichkeit das Design vorab zu genehmigen.<\/p>\n<p><strong>Schritt 4: Lieferung zu dir nachhause!<\/strong><br \/>\nDein fertiges Kunstwerk wird zu dir nach Hause geliefert und ein Mitglied unseres Teams wird sich mit dir in Verbindung setzen, um sicherzustellen, dass du zufrieden bist!<\/p>","protected":false},"excerpt":{"rendered":"<p>Erstelle eine personalisierte <strong>Fotocollage<\/strong>\u00a0in <strong>Form eines Herzens! <\/strong>Das perfekte Geschenk f\u00fcr Ihre Liebsten!<\/p>","protected":false},"featured_media":13310,"comment_status":"open","ping_status":"closed","template":"","meta":[],"product_cat":[38],"product_tag":[],"class_list":{"0":"post-13276","1":"product","2":"type-product","3":"status-publish","4":"has-post-thumbnail","6":"product_cat-posters","8":"first","9":"instock","10":"taxable","11":"shipping-taxable","12":"purchasable","13":"product-type-variable"},"_links":{"self":[{"href":"https:\/\/printiii.com\/de\/wp-json\/wp\/v2\/product\/13276","targetHints":{"allow":["GET"]}}],"collection":[{"href":"https:\/\/printiii.com\/de\/wp-json\/wp\/v2\/product"}],"about":[{"href":"https:\/\/printiii.com\/de\/wp-json\/wp\/v2\/types\/product"}],"replies":[{"embeddable":true,"href":"https:\/\/printiii.com\/de\/wp-json\/wp\/v2\/comments?post=13276"}],"wp:featuredmedia":[{"embeddable":true,"href":"https:\/\/printiii.com\/de\/wp-json\/wp\/v2\/media\/13310"}],"wp:attachment":[{"href":"https:\/\/printiii.com\/de\/wp-json\/wp\/v2\/media?parent=13276"}],"wp:term":[{"taxonomy":"product_cat","embeddable":true,"href":"https:\/\/printiii.com\/de\/wp-json\/wp\/v2\/product_cat?post=13276"},{"taxonomy":"product_tag","embeddable":true,"href":"https:\/\/printiii.com\/de\/wp-json\/wp\/v2\/product_tag?post=13276"}],"curies":[{"name":"wp","href":"https:\/\/api.w.org\/{rel}","templated":true}]}}